{"id":558,"date":"2018-10-24T12:41:57","date_gmt":"2018-10-24T01:41:57","guid":{"rendered":"http:\/\/dragonweb.site\/wordpress\/?page_id=558"},"modified":"2020-07-15T00:33:52","modified_gmt":"2020-07-14T14:33:52","slug":"jinlong-dao","status":"publish","type":"page","link":"http:\/\/dragonweb.site\/wordpress\/tao\/jinlong-dao\/","title":{"rendered":"Chin Lung Tao (Jinlong Dao)"},"content":{"rendered":"<h1 style=\"text-align: center;\"><strong><img loading=\"lazy\" decoding=\"async\" class=\"aligncenter size-full wp-image-567\" src=\"http:\/\/dragonweb.site\/wordpress\/wp-content\/uploads\/2018\/10\/Gold-Natural-Black-Obsidian-Carving.jpg_200x200.jpg\" alt=\"Gold Dragon\" width=\"200\" height=\"200\" srcset=\"http:\/\/dragonweb.site\/wordpress\/wp-content\/uploads\/2018\/10\/Gold-Natural-Black-Obsidian-Carving.jpg_200x200.jpg 200w, http:\/\/dragonweb.site\/wordpress\/wp-content\/uploads\/2018\/10\/Gold-Natural-Black-Obsidian-Carving.jpg_200x200-150x150.jpg 150w, http:\/\/dragonweb.site\/wordpress\/wp-content\/uploads\/2018\/10\/Gold-Natural-Black-Obsidian-Carving.jpg_200x200-100x100.jpg 100w\" sizes=\"auto, (max-width: 200px) 100vw, 200px\" \/><\/strong><\/h1>\n<h1 style=\"text-align: center;\"><strong>J\u012bnl\u00f3ng Dao: The Way of the Gold Dragon<\/strong><\/h1>\n<p style=\"text-align: center; font-size: 100px;\">\u91d1\u9f99\u9053<\/p>\n<h2>The Gold Dragon<\/h2>\n<p><b>Golden dragons<\/b>\u00a0correlate to powerful sun deities or deities of the harvest. Much like bronze\u00a0<b>dragons<\/b>, they have sturdy, strong exteriors. Illumination and revelation lie at the heart of a\u00a0<b>gold dragon<\/b>.\u00a0<b>Gold dragons<\/b>\u00a0symbolize prosperity and wealth.<\/p>\n<p>In the East, Yellow dragons have been called \u201csuperior\u201d and \u201cthe most revered of the dragons\u201d because they represent the Emperor and the imperial family. Even in the 21st century, yellow is a color associated with solidity, reliability and warmth, and it is set aside for royalty and those of higher social class. Gold dragons share many of these assets and are recognized as symbols of wealth, wisdom and compassion. During the Chinese New Year holiday, the opening dragon dance begins with the arrival of a regal Golden Dragon held aloft by a group of men.<\/p>\n<p>When sailors crossed the International Dateline, they were awarded a certificate having been inducted into the &#8216;Order of the Gold Dragon&#8217;. (following a sturdy hazing, of course)<\/p>\n<p>In the West, the Dragon is a symbol of ancient high magic and a preeminent symbol of protection and an ally from dangerous foe. The Dragon does not suffer fools, he does not suffer the evil of lies or the derangement of the truth.<\/p>\n<p><span style=\"font-size: 1rem;\">The Dragon is the symbol of primordial power. It is master of all elements: fire, water, air and earth. As a spirit guide, it makes a powerful ally in our daily life with its amazing restorative and potent qualities.<\/span><\/p>\n<p>Bringing the two together, the Gold Dragon is the symbol of the force that brings truth with wisdom and compassion. With truth comes the removal of dis-ease.<\/p>\n<p>In accordance with Taoist philosophy, it is also the force behind deception and the evil of lies with ignorance and intolerance.<\/p>\n<p>We must understand both sides of the forces in opposition in order to find an harmonious position, which is the Tao.<\/p>\n<h2>Jinlong Dao<\/h2>\n<p>The Way of the Gold Dragon is to see that hidden within every deception is the truth. To focus on that truth and bring it into the light of consciousness is our way.<\/p>\n<p>This is the intent behind the Triquetra (triquerta) symbol used on this site. The triquetra represents the three levels of consciousness used to manifest all things. All things manifest using physical, mental and spiritual forces in harmony with the <a href=\"http:\/\/dragonweb.site\/wordpress\/tao\/\" target=\"_blank\" rel=\"noopener noreferrer\">Tao<\/a>.<\/p>\n<p style=\"text-align: center;\"><img loading=\"lazy\" decoding=\"async\" class=\"aligncenter size-full wp-image-595\" src=\"http:\/\/dragonweb.site\/wordpress\/wp-content\/uploads\/2018\/10\/logo.jpg\" alt=\"triquetra\" width=\"160\" height=\"160\" srcset=\"http:\/\/dragonweb.site\/wordpress\/wp-content\/uploads\/2018\/10\/logo.jpg 160w, http:\/\/dragonweb.site\/wordpress\/wp-content\/uploads\/2018\/10\/logo-150x150.jpg 150w, http:\/\/dragonweb.site\/wordpress\/wp-content\/uploads\/2018\/10\/logo-100x100.jpg 100w\" sizes=\"auto, (max-width: 160px) 100vw, 160px\" \/><\/p>\n<pre class=\"tw-data-text tw-ta tw-text-small\" dir=\"ltr\" data-placeholder=\"Translation\" data-fulltext=\"\"><span lang=\"zh-CN\">\u91d1\u9f99\u7684\u5149\u7167\u4eae\u5e76\u6d88\u9664\u4e86\u75be\u75c5\n(<\/span>J\u012bnl\u00f3ng de gu\u0101ng zh\u00e0o li\u00e0ng b\u00ecng xi\u0101och\u00fale j\u00edb\u00ecng)\n\"The light of the gold dragon illuminates and removes dis-ease.\"\n<\/pre>\n<div><a href=\"\/jinlong\" target=\"new\" rel=\"noopener noreferrer\">&#8220;The Order of the Gold Dragon&#8221;<\/a><\/div>\n<p><a href=\"http:\/\/dragonweb.site\/wordpress\/?page_id=157\">Science of Higher Sense Perception<\/a><\/p>\n","protected":false},"excerpt":{"rendered":"<p>J\u012bnl\u00f3ng Dao: The Way of the Gold Dragon \u91d1\u9f99\u9053 The Gold Dragon Golden dragons\u00a0correlate to powerful sun deities or deities of the harvest. Much like bronze\u00a0dragons, they have sturdy, strong exteriors. Illumination and revelation lie at the heart of a\u00a0gold dragon.\u00a0Gold dragons\u00a0symbolize prosperity and wealth. In the East, Yellow dragons have been called \u201csuperior\u201d and &hellip; <\/p>\n<p class=\"link-more\"><a href=\"http:\/\/dragonweb.site\/wordpress\/tao\/jinlong-dao\/\" class=\"more-link\">Continue reading<span class=\"screen-reader-text\"> &#8220;Chin Lung Tao (Jinlong Dao)&#8221;<\/span><\/a><\/p>\n","protected":false},"author":1,"featured_media":0,"parent":560,"menu_order":0,"comment_status":"closed","ping_status":"closed","template":"","meta":{"footnotes":""},"class_list":["post-558","page","type-page","status-publish","hentry"],"_links":{"self":[{"href":"http:\/\/dragonweb.site\/wordpress\/wp-json\/wp\/v2\/pages\/558","targetHints":{"allow":["GET"]}}],"collection":[{"href":"http:\/\/dragonweb.site\/wordpress\/wp-json\/wp\/v2\/pages"}],"about":[{"href":"http:\/\/dragonweb.site\/wordpress\/wp-json\/wp\/v2\/types\/page"}],"author":[{"embeddable":true,"href":"http:\/\/dragonweb.site\/wordpress\/wp-json\/wp\/v2\/users\/1"}],"replies":[{"embeddable":true,"href":"http:\/\/dragonweb.site\/wordpress\/wp-json\/wp\/v2\/comments?post=558"}],"version-history":[{"count":33,"href":"http:\/\/dragonweb.site\/wordpress\/wp-json\/wp\/v2\/pages\/558\/revisions"}],"predecessor-version":[{"id":1134,"href":"http:\/\/dragonweb.site\/wordpress\/wp-json\/wp\/v2\/pages\/558\/revisions\/1134"}],"up":[{"embeddable":true,"href":"http:\/\/dragonweb.site\/wordpress\/wp-json\/wp\/v2\/pages\/560"}],"wp:attachment":[{"href":"http:\/\/dragonweb.site\/wordpress\/wp-json\/wp\/v2\/media?parent=558"}],"curies":[{"name":"wp","href":"https:\/\/api.w.org\/{rel}","templated":true}]}}